{"id":2480,"date":"2024-08-23T10:23:17","date_gmt":"2024-08-23T08:23:17","guid":{"rendered":"https:\/\/centredentairedonquichotte.com\/assurance-dentaire-publique-canadienne\/"},"modified":"2024-08-26T15:50:32","modified_gmt":"2024-08-26T13:50:32","slug":"canadian-dental-care-plan","status":"publish","type":"page","link":"https:\/\/centredentairedonquichotte.com\/en\/canadian-dental-care-plan\/","title":{"rendered":"Canadian Dental Care Plan"},"content":{"rendered":"<p>[vc_row][vc_column]        <div class=\"carousel carousel-slider center\"  style=\" width:100%;\">\n            <div class=\"carousel-item red white-text\">\n                <img decoding=\"async\" width=\"1920\" height=\"685\" src=\"https:\/\/centredentairedonquichotte.com\/wp-content\/uploads\/2018\/10\/DQ_website_header-Accesibilite.jpg\" class=\"attachment-full size-full\" alt=\"Accesibilit\u00e9 - Header\" srcset=\"https:\/\/centredentairedonquichotte.com\/wp-content\/uploads\/2018\/10\/DQ_website_header-Accesibilite.jpg 1920w, https:\/\/centredentairedonquichotte.com\/wp-content\/uploads\/2018\/10\/DQ_website_header-Accesibilite-300x107.jpg 300w, https:\/\/centredentairedonquichotte.com\/wp-content\/uploads\/2018\/10\/DQ_website_header-Accesibilite-768x274.jpg 768w, https:\/\/centredentairedonquichotte.com\/wp-content\/uploads\/2018\/10\/DQ_website_header-Accesibilite-1024x365.jpg 1024w\" sizes=\"(max-width: 1920px) 100vw, 1920px\" \/>                <div class=\"contentSlider\">\n                    <h1 class=\"font35\"><strong>Centre Dentaire Don Quichotte,<\/strong> <br \/>Partner of the Canadian Dental <br \/>Care Plan<\/h1>                <\/div>\n            <\/div>\n          \n            <!-- for desktop -->\n            <div class=\"menuSideBar wAboveTable\">\n                <span class=\"close-menuSideBar\">&times<\/span>\n                <div class=\"content-tabs-menuSideBar\">\n                    <div class=\"tab urgence\" style=\" padding: 15% 2%;\">\n                        <p class=\"font18 regular fontopensans\">\n                            Nous mettons \u00e0 votre disposition 6 dentistes g\u00e9n\u00e9ralistes pour la prise en charge de vos urgences dentaires\u00a0: dents fractur\u00e9es ou f\u00eal\u00e9es, bris d\u2019obturations ou d\u2019appareils dentaires, infections et autres douleurs dentaires\u2026 Nous vous recevrons dans les plus brefs d\u00e9lais pour un rendez-vous d\u2019urgence, durant nos heures d\u2019ouverture.<\/p>\n\n                        <p class=\"font18 regular fontopensans\"> <strong>Heures d\u2019ouverture<\/strong><br>\n                            Lundi 9:00 \u2013 18:00<br>\n                            Mardi 9:00 \u2013 19:00<br>\n                            Mercredi 9:00 \u2013 20:00<br>\n                            Jeudi 13:00 \u2013 21:00<br>\n                            Vendredi 9:00 \u2013 15:00 *<br>\n                            Samedi 9:00 \u2013 15:00 *<\/p>\n\n                        <p class=\"font18 regular fontopensans\"> * Sur rendez-vous seulement\n\n                        <\/p>\n                    <\/div>\n                    <div class=\"tab rdv\">\n                         \n<div class=\"wpcf7 no-js\" id=\"wpcf7-f46-o1\" lang=\"fr-FR\" dir=\"ltr\" data-wpcf7-id=\"46\">\n<div class=\"screen-reader-response\"><p role=\"status\" aria-live=\"polite\" aria-atomic=\"true\"><\/p> <ul><\/ul><\/div>\n<form action=\"\/en\/wp-json\/wp\/v2\/pages\/2480#wpcf7-f46-o1\" method=\"post\" class=\"wpcf7-form init\" aria-label=\"Formulaire de contact\" novalidate=\"novalidate\" data-status=\"init\">\n<fieldset class=\"hidden-fields-container\"><input type=\"hidden\" name=\"_wpcf7\" value=\"46\" \/><input type=\"hidden\" name=\"_wpcf7_version\" value=\"6.1.5\" \/><input type=\"hidden\" name=\"_wpcf7_locale\" value=\"fr_FR\" \/><input type=\"hidden\" name=\"_wpcf7_unit_tag\" value=\"wpcf7-f46-o1\" \/><input type=\"hidden\" name=\"_wpcf7_container_post\" value=\"0\" \/><input type=\"hidden\" name=\"_wpcf7_posted_data_hash\" value=\"\" \/>\n<\/fieldset>\n<div class=\"contactform\">\n\t<p style=\"margin:15px 0\" class=\"font30 regular\">Demande de rendez-vous\n\t<\/p>\n\t<p class=\"font14 regular fontopensans\">Pour demander un rendez-vous, vous pouvez t\u00e9l\u00e9phoner au<br \/>\n<b>(514) 425-4256<\/b> ou compl\u00e9ter le formulaire ci-dessous.\n\t<\/p>\n\t<p class=\"font14 semi-bold upperCase colorTheme fontopensans \">Vos disponibilit\u00e9s\n\t<\/p>\n\t<p><span class=\"wpcf7-form-control-wrap\" data-name=\"Disponibilite\"><span class=\"wpcf7-form-control wpcf7-checkbox dispo font14\"><span class=\"wpcf7-list-item first\"><input type=\"checkbox\" name=\"Disponibilite[]\" value=\"Lundi\" \/><span class=\"wpcf7-list-item-label\">Lundi<\/span><\/span><span class=\"wpcf7-list-item\"><input type=\"checkbox\" name=\"Disponibilite[]\" value=\"Mardi\" \/><span class=\"wpcf7-list-item-label\">Mardi<\/span><\/span><span class=\"wpcf7-list-item\"><input type=\"checkbox\" name=\"Disponibilite[]\" value=\"Mercredi\" \/><span class=\"wpcf7-list-item-label\">Mercredi<\/span><\/span><span class=\"wpcf7-list-item\"><input type=\"checkbox\" name=\"Disponibilite[]\" value=\"Jeudi\" \/><span class=\"wpcf7-list-item-label\">Jeudi<\/span><\/span><span class=\"wpcf7-list-item\"><input type=\"checkbox\" name=\"Disponibilite[]\" value=\"Vendredi\" \/><span class=\"wpcf7-list-item-label\">Vendredi<\/span><\/span><span class=\"wpcf7-list-item last\"><input type=\"checkbox\" name=\"Disponibilite[]\" value=\"Samedi\" \/><span class=\"wpcf7-list-item-label\">Samedi<\/span><\/span><\/span><\/span>\n\t<\/p>\n\t<p class=\"font14 semi-bold upperCase colorTheme fontopensans\">\u00cates-vous un nouveau patient?\n\t<\/p>\n\t<p><span class=\"wpcf7-form-control-wrap\" data-name=\"ON\"><span class=\"wpcf7-form-control wpcf7-radio font14 fontopensans regular\"><span class=\"wpcf7-list-item first\"><input type=\"radio\" name=\"ON\" value=\"Oui\" checked=\"checked\" \/><span class=\"wpcf7-list-item-label\">Oui<\/span><\/span><span class=\"wpcf7-list-item last\"><input type=\"radio\" name=\"ON\" value=\"Non\" \/><span class=\"wpcf7-list-item-label\">Non<\/span><\/span><\/span><\/span><br \/>\n<label> <span class=\"wpcf7-form-control-wrap\" data-name=\"your-name\"><input size=\"40\" maxlength=\"400\" class=\"wpcf7-form-control wpcf7-text wpcf7-validates-as-required font14 fontopensans regular\" aria-required=\"true\" aria-invalid=\"false\" placeholder=\"Nom complet\" value=\"\" type=\"text\" name=\"your-name\" \/><\/span> <\/label><br \/>\n<label> <span class=\"wpcf7-form-control-wrap\" data-name=\"your-email\"><input size=\"40\" maxlength=\"400\" class=\"wpcf7-form-control wpcf7-email wpcf7-validates-as-required wpcf7-text wpcf7-validates-as-email font14 fontopensans regular\" aria-required=\"true\" aria-invalid=\"false\" placeholder=\"Courriel\" value=\"\" type=\"email\" name=\"your-email\" \/><\/span> <\/label><br \/>\n<label> <span class=\"wpcf7-form-control-wrap\" data-name=\"your-phone\"><input size=\"40\" maxlength=\"400\" class=\"wpcf7-form-control wpcf7-tel wpcf7-validates-as-required wpcf7-text wpcf7-validates-as-tel font14 fontopensans regular\" aria-required=\"true\" aria-invalid=\"false\" placeholder=\"T\u00e9l\u00e9phone\" value=\"\" type=\"tel\" name=\"your-phone\" \/><\/span> <\/label><br \/>\n<label><span class=\"wpcf7-form-control-wrap\" data-name=\"your-message\"><textarea cols=\"40\" rows=\"3\" maxlength=\"2000\" class=\"wpcf7-form-control wpcf7-textarea font14 fontopensans regular\" aria-invalid=\"false\" placeholder=\"Commentaires, questions?\" name=\"your-message\"><\/textarea><\/span><\/label><br \/>\n<span id=\"wpcf7-69e20c6e4aa2d-wrapper\" class=\"wpcf7-form-control-wrap honeypot-stcfr-wrap\" style=\"display:none !important; visibility:hidden !important;\"><label for=\"wpcf7-69e20c6e4aa2d-field\" class=\"hp-message\">Veuillez laisser ce champ vide.<\/label><input id=\"wpcf7-69e20c6e4aa2d-field\"  class=\"wpcf7-form-control wpcf7-text\" type=\"text\" name=\"honeypot-stcfr\" value=\"\" size=\"40\" tabindex=\"-1\" autocomplete=\"new-password\" \/><\/span><br \/>\n<input class=\"wpcf7-form-control wpcf7-submit has-spinner btn-theme\" type=\"submit\" value=\"soumettre\" \/>\n\t<\/p>\n<\/div><input\n                    class=\"apbct_special_field apbct_email_id__wp_contact_form_7\"\n                    name=\"apbct__email_id__wp_contact_form_7\"\n                    aria-label=\"apbct__label_id__wp_contact_form_7\"\n                    type=\"text\" size=\"30\" maxlength=\"200\" autocomplete=\"off\"\n                    value=\"\"\n                \/><div class=\"wpcf7-response-output\" aria-hidden=\"true\"><\/div>\n<\/form>\n<\/div>\n                    <\/div>\n                    <div class=\"tab Promotions\" style=\" padding: 15% 2%;\">\n\n                        <p style=\"margin:15px 0\" class=\"font30 regular\">Promotions \u00e0 venir\n\t\t\t\t\t\t<\/p>\n                    <\/div>\n                    <div class=\"tab joindre\" style=\" padding: 15% 2%;\">\n\n                        <p class=\"font18 regular fontopensans\">Vous \u00eates \u00e0 la recherche d\u2019un dentiste \u00e0 L\u2019\u00cele-Perrot ? Quelle que soit la nature de vos besoins ou votre condition bucco-dentaire, nos professionnels sauront vous proposer les meilleurs soins. Contactez-nous d\u00e8s maintenant !<\/p><br><br>\n\n                           <p class=\"font18 regular fontopensans\"> Centre Dentaire Don Quichotte25,<br>\n                               boulevard Don Quichotte,<br>\n                               suite\u00a0144<br>\n                               L\u2019\u00cele-Perrot, QC, J7V 7X4<br>\n                               <a href=\"tel:5144254256\">514-425-4256<\/a><br>\n                               <a href=\"mailto:cddonquichotte@hotmail.com\">cddonquichotte@hotmail.com<\/a>\n                           <\/p>\n                    <\/div>\n                <\/div>\n                <a href=\"#\" class=\"item urgence\">\n                    <div class=\"logo\">\n                        <center>\n                            <img decoding=\"async\" width=\"56\" height=\"60\" src=\"https:\/\/centredentairedonquichotte.com\/wp-content\/uploads\/2018\/06\/urgence.png\" class=\"attachment-full size-full\" alt=\"\" \/><br>\n                            Urgences\n                            dentaires\n                        <\/center>\n                    <\/div>\n                <\/a>\n\n                <a href=\"#\"  class=\"item rdv\">\n                    <div class=\"logo\">\n                        <center>\n                            <img decoding=\"async\" width=\"54\" height=\"54\" src=\"https:\/\/centredentairedonquichotte.com\/wp-content\/uploads\/2018\/06\/rendez-vous.png\" class=\"attachment-full size-full\" alt=\"\" \/><br>\n                            Prendre un\n                            rendez-vous\n                        <\/center>\n                    <\/div>\n                <\/a>\n                <a href=\"#\"  class=\"item Promotions\">\n                    <div class=\"logo\">\n                        <center>\n                            <img decoding=\"async\" width=\"76\" height=\"32\" src=\"https:\/\/centredentairedonquichotte.com\/wp-content\/uploads\/2018\/06\/promotions.png\" class=\"attachment-full size-full\" alt=\"\" \/><br>\n                            Promotions\n                        <\/center>\n                    <\/div>\n                <\/a>\n                <a href=\"#\"  class=\"item joindre\">\n                    <div class=\"logo\">\n                        <center>\n                            <img decoding=\"async\" width=\"60\" height=\"58\" src=\"https:\/\/centredentairedonquichotte.com\/wp-content\/uploads\/2018\/06\/Nous-joindre.png\" class=\"attachment-full size-full\" alt=\"\" \/><br>\n                            Nous\n                            joindre<\/center>\n                    <\/div>\n                <\/a>\n            <\/div>\n        <\/div>\n        \n\n        [\/vc_column][\/vc_row][vc_row gap=&#8221;30&#8243; el_class=&#8221;padding380x padding100yt&#8221;][vc_column][\/vc_column][\/vc_row][vc_row gap=&#8221;30&#8243; el_class=&#8221;padding380x padding60yb&#8221;][vc_column][vc_column_text]At Centre Dentaire Don Quichotte in L&#8217;\u00cele-Perrot, we&#8217;ve joined the Canadian Dental Care Plan (CDCP), effective May 2024. This public dental insurance program is intended for Canadians without private coverage whose annual family income does not exceed $90,000. As a result, eligible patients will no longer have to pay the full cost of their dental care, as a portion of their dental expenses will be covered by this program.<\/p>\n<p>Our CDCP membership is just one more way we can help you maintain the health and integrity of your smile. We therefore welcome new patients wishing to take advantage of this new public coverage.<\/p>\n<p>Don&#8217;t hesitate to book an appointment at our L&#8217;\u00cele-Perrot clinic to schedule the dental care you need to preserve your smile![\/vc_column_text][vc_custom_heading text=&#8221;Making an appointment&#8221; use_theme_fonts=&#8221;yes&#8221; el_class=&#8221;font30 regular&#8221;][vc_column_text]When you contact us, be sure to mention that you are covered by the Canadian Dental Care Plan. The secretary will take the time to explain how to book an appointment and pay your dental fees. We can also answer any questions you may have about our fees and the amounts covered by the CDSP.[\/vc_column_text][vc_separator el_class=&#8221;padding40yt&#8221;][vc_column_text css=&#8221;.vc_custom_1724680061467{margin-top: 20px !important;margin-bottom: 50px !important;}&#8221;]*** The information provided here is current as of May 24, 2024. It is your responsibility to ensure it has not changed since then.[\/vc_column_text][\/vc_column][\/vc_row][vc_row gap=&#8221;30&#8243; el_class=&#8221;padding380x padding50yt&#8221;][vc_column][vc_custom_heading text=&#8221;INFORMATION ABOUT THE CANADIAN DENTAL CARE PLAN&#8221; font_container=&#8221;tag:h2|text_align:center&#8221; use_theme_fonts=&#8221;yes&#8221; el_class=&#8221;font30 regular uppercase&#8221;][\/vc_column][\/vc_row][vc_row gap=&#8221;30&#8243; el_class=&#8221;padding380x padding60yb&#8221;][vc_column][vc_column_text]This new public dental insurance will be available to all Canadians meeting the eligibility criteria in 2025. The program will be rolled out in several phases. Ultimately, eligible individuals (see information below) will only have to pay a portion of the costs related to their dental care, with the rest being reimbursed by the CDCP. The percentage reimbursed by the government will vary based on your annual household income.<\/p>\n<p>&nbsp;<\/p>\n<p>To benefit from this public insurance, you must first submit an application. A letter will typically be sent to eligible individuals during the initial phases of the program rollout. An insurance card and a welcome kit will be sent to you once the application is made and accepted. Subsequently, you will not have to file a claim: when paying for your dental care, we will directly request reimbursement from Sun Life, which acts as the service provider for the CDCP. You will simply need to pay the balance of the costs, i.e., the portion of fees not covered by the public plan.<\/p>\n<p>&nbsp;<\/p>\n<p>For more details and to check your eligibility, visit <a href=\"https:\/\/www.canada.ca\/en\/services\/benefits\/dental\/dental-care-plan.html\" target=\"_blank\" rel=\"noopener\">https:\/\/www.canada.ca\/en\/services\/benefits\/dental\/dental-care-plan.html<\/a>. For more specific questions or to learn about the procedure in place at our clinic, contact us. Our reception staff will be happy to answer your specific questions.[\/vc_column_text][vc_custom_heading text=&#8221;Applying for the Canadian Dental Care Plan&#8221; font_container=&#8221;tag:h3|text_align:left&#8221; use_theme_fonts=&#8221;yes&#8221; el_class=&#8221;font25 semi-bold upperCase padding40yt&#8221;][vc_column_text el_class=&#8221;padding60yb&#8221;]<strong>Eligibility Criteria:<\/strong><\/p>\n<ul>\n<li>Be a Canadian resident<\/li>\n<li>Have an annual net household income of less than $90,000<\/li>\n<li>Not have access to private dental insurance<\/li>\n<\/ul>\n<p><strong>Online Application:<\/strong>\u00a0 <a href=\"https:\/\/www.canada.ca\/en\/services\/benefits\/dental\/dental-care-plan\/application.html#online-application\" target=\"_blank\" rel=\"noopener\">https:\/\/www.canada.ca\/en\/services\/benefits\/dental\/dental-care-plan\/application.html#online-application<\/a><\/p>\n<p><strong>Phases of Deployment<\/strong><\/p>\n<ul>\n<li>People over 65 can apply now.<\/li>\n<li>Individuals holding a valid certificate for the Disability Tax Credit and those under 18 can apply starting in June 2024.<\/li>\n<li>The entire population will be able to apply starting in 2025, during new phases of deployment.<\/li>\n<\/ul>\n<p><strong>Covered Amounts and Payments<\/strong><\/p>\n<p>Even if your coverage is 100%, there will be fees to pay, as the CDCP fee schedule does not match that of the Ordre des dentistes du Qu\u00e9bec, which we use to set our prices. You will therefore need to pay the difference between the actual treatment fees and the covered amount.<\/p>\n<p>When you receive dental care, we will directly request reimbursement from the CDCP, and the response will be immediately available. You will therefore need to pay the remaining amount according to our usual payment terms.[\/vc_column_text][\/vc_column][\/vc_row]<\/p>\n","protected":false},"excerpt":{"rendered":"<p>[vc_row][vc_column][\/vc_column][\/vc_row][vc_row gap=&#8221;30&#8243; el_class=&#8221;padding380x padding100yt&#8221;][vc_column][\/vc_column][\/vc_row][vc_row gap=&#8221;30&#8243; el_class=&#8221;padding380x padding60yb&#8221;][vc_column][vc_column_text]At Centre Dentaire Don Quichotte in L&#8217;\u00cele-Perrot, we&#8217;ve joined the Canadian Dental Care Plan (CDCP), effective May 2024. This public dental insurance program is intended for Canadians without private coverage whose annual family income does not exceed $90,000. As a result, eligible patients will no longer have to pay [&hellip;]<\/p>\n","protected":false},"author":1,"featured_media":2481,"parent":0,"menu_order":0,"comment_status":"closed","ping_status":"closed","template":"","meta":{"footnotes":""},"class_list":["post-2480","page","type-page","status-publish","has-post-thumbnail","hentry"],"_links":{"self":[{"href":"https:\/\/centredentairedonquichotte.com\/en\/wp-json\/wp\/v2\/pages\/2480","targetHints":{"allow":["GET"]}}],"collection":[{"href":"https:\/\/centredentairedonquichotte.com\/en\/wp-json\/wp\/v2\/pages"}],"about":[{"href":"https:\/\/centredentairedonquichotte.com\/en\/wp-json\/wp\/v2\/types\/page"}],"author":[{"embeddable":true,"href":"https:\/\/centredentairedonquichotte.com\/en\/wp-json\/wp\/v2\/users\/1"}],"replies":[{"embeddable":true,"href":"https:\/\/centredentairedonquichotte.com\/en\/wp-json\/wp\/v2\/comments?post=2480"}],"version-history":[{"count":3,"href":"https:\/\/centredentairedonquichotte.com\/en\/wp-json\/wp\/v2\/pages\/2480\/revisions"}],"predecessor-version":[{"id":2484,"href":"https:\/\/centredentairedonquichotte.com\/en\/wp-json\/wp\/v2\/pages\/2480\/revisions\/2484"}],"wp:featuredmedia":[{"embeddable":true,"href":"https:\/\/centredentairedonquichotte.com\/en\/wp-json\/wp\/v2\/media\/2481"}],"wp:attachment":[{"href":"https:\/\/centredentairedonquichotte.com\/en\/wp-json\/wp\/v2\/media?parent=2480"}],"curies":[{"name":"wp","href":"https:\/\/api.w.org\/{rel}","templated":true}]}}