{"id":2602,"date":"2023-12-11T09:46:04","date_gmt":"2023-12-11T08:46:04","guid":{"rendered":"https:\/\/centredentairedonquichotte.com\/?page_id=2602"},"modified":"2025-10-28T14:44:27","modified_gmt":"2025-10-28T13:44:27","slug":"our-dentists","status":"publish","type":"page","link":"https:\/\/centredentairedonquichotte.com\/en\/our-dentists\/","title":{"rendered":"Our dentists"},"content":{"rendered":"<p>[vc_row][vc_column]        <div class=\"carousel carousel-slider center\"  style=\" width:100%;\">\n            <div class=\"carousel-item red white-text\">\n                <img decoding=\"async\" width=\"1920\" height=\"685\" src=\"https:\/\/centredentairedonquichotte.com\/wp-content\/uploads\/2018\/10\/DQ_website_header-A-propos.jpg\" class=\"attachment-full size-full\" alt=\"\u00c0 propos de La clinique dentaire de l&#039;\u00eele-Perrot\" srcset=\"https:\/\/centredentairedonquichotte.com\/wp-content\/uploads\/2018\/10\/DQ_website_header-A-propos.jpg 1920w, https:\/\/centredentairedonquichotte.com\/wp-content\/uploads\/2018\/10\/DQ_website_header-A-propos-300x107.jpg 300w, https:\/\/centredentairedonquichotte.com\/wp-content\/uploads\/2018\/10\/DQ_website_header-A-propos-768x274.jpg 768w, https:\/\/centredentairedonquichotte.com\/wp-content\/uploads\/2018\/10\/DQ_website_header-A-propos-1024x365.jpg 1024w\" sizes=\"(max-width: 1920px) 100vw, 1920px\" \/>                <div class=\"contentSlider\">\n                    <p class=\"font40 upperCase\"><strong>Our Dentists<\/strong> <br>\nDental Clinic<br>\nof \u00cele-Perrot<\/p>                <\/div>\n            <\/div>\n          \n            <!-- for desktop -->\n            <div class=\"menuSideBar wAboveTable\">\n                <span class=\"close-menuSideBar\">&times<\/span>\n                <div class=\"content-tabs-menuSideBar\">\n                    <div class=\"tab urgence\" style=\" padding: 15% 2%;\">\n                        <p class=\"font18 regular fontopensans\">\n                            Nous mettons \u00e0 votre disposition 6 dentistes g\u00e9n\u00e9ralistes pour la prise en charge de vos urgences dentaires\u00a0: dents fractur\u00e9es ou f\u00eal\u00e9es, bris d\u2019obturations ou d\u2019appareils dentaires, infections et autres douleurs dentaires\u2026 Nous vous recevrons dans les plus brefs d\u00e9lais pour un rendez-vous d\u2019urgence, durant nos heures d\u2019ouverture.<\/p>\n\n                        <p class=\"font18 regular fontopensans\"> <strong>Heures d\u2019ouverture<\/strong><br>\n                            Lundi 9:00 \u2013 18:00<br>\n                            Mardi 9:00 \u2013 19:00<br>\n                            Mercredi 9:00 \u2013 20:00<br>\n                            Jeudi 13:00 \u2013 21:00<br>\n                            Vendredi 9:00 \u2013 15:00 *<br>\n                            Samedi 9:00 \u2013 15:00 *<\/p>\n\n                        <p class=\"font18 regular fontopensans\"> * Sur rendez-vous seulement\n\n                        <\/p>\n                    <\/div>\n                    <div class=\"tab rdv\">\n                         \n<div class=\"wpcf7 no-js\" id=\"wpcf7-f46-o1\" lang=\"fr-FR\" dir=\"ltr\" data-wpcf7-id=\"46\">\n<div class=\"screen-reader-response\"><p role=\"status\" aria-live=\"polite\" aria-atomic=\"true\"><\/p> <ul><\/ul><\/div>\n<form action=\"\/en\/wp-json\/wp\/v2\/pages\/2602#wpcf7-f46-o1\" method=\"post\" class=\"wpcf7-form init\" aria-label=\"Formulaire de contact\" novalidate=\"novalidate\" data-status=\"init\">\n<fieldset class=\"hidden-fields-container\"><input type=\"hidden\" name=\"_wpcf7\" value=\"46\" \/><input type=\"hidden\" name=\"_wpcf7_version\" value=\"6.1.5\" \/><input type=\"hidden\" name=\"_wpcf7_locale\" value=\"fr_FR\" \/><input type=\"hidden\" name=\"_wpcf7_unit_tag\" value=\"wpcf7-f46-o1\" \/><input type=\"hidden\" name=\"_wpcf7_container_post\" value=\"0\" \/><input type=\"hidden\" name=\"_wpcf7_posted_data_hash\" value=\"\" \/>\n<\/fieldset>\n<div class=\"contactform\">\n\t<p style=\"margin:15px 0\" class=\"font30 regular\">Demande de rendez-vous\n\t<\/p>\n\t<p class=\"font14 regular fontopensans\">Pour demander un rendez-vous, vous pouvez t\u00e9l\u00e9phoner au<br \/>\n<b>(514) 425-4256<\/b> ou compl\u00e9ter le formulaire ci-dessous.\n\t<\/p>\n\t<p class=\"font14 semi-bold upperCase colorTheme fontopensans \">Vos disponibilit\u00e9s\n\t<\/p>\n\t<p><span class=\"wpcf7-form-control-wrap\" data-name=\"Disponibilite\"><span class=\"wpcf7-form-control wpcf7-checkbox dispo font14\"><span class=\"wpcf7-list-item first\"><input type=\"checkbox\" name=\"Disponibilite[]\" value=\"Lundi\" \/><span class=\"wpcf7-list-item-label\">Lundi<\/span><\/span><span class=\"wpcf7-list-item\"><input type=\"checkbox\" name=\"Disponibilite[]\" value=\"Mardi\" \/><span class=\"wpcf7-list-item-label\">Mardi<\/span><\/span><span class=\"wpcf7-list-item\"><input type=\"checkbox\" name=\"Disponibilite[]\" value=\"Mercredi\" \/><span class=\"wpcf7-list-item-label\">Mercredi<\/span><\/span><span class=\"wpcf7-list-item\"><input type=\"checkbox\" name=\"Disponibilite[]\" value=\"Jeudi\" \/><span class=\"wpcf7-list-item-label\">Jeudi<\/span><\/span><span class=\"wpcf7-list-item\"><input type=\"checkbox\" name=\"Disponibilite[]\" value=\"Vendredi\" \/><span class=\"wpcf7-list-item-label\">Vendredi<\/span><\/span><span class=\"wpcf7-list-item last\"><input type=\"checkbox\" name=\"Disponibilite[]\" value=\"Samedi\" \/><span class=\"wpcf7-list-item-label\">Samedi<\/span><\/span><\/span><\/span>\n\t<\/p>\n\t<p class=\"font14 semi-bold upperCase colorTheme fontopensans\">\u00cates-vous un nouveau patient?\n\t<\/p>\n\t<p><span class=\"wpcf7-form-control-wrap\" data-name=\"ON\"><span class=\"wpcf7-form-control wpcf7-radio font14 fontopensans regular\"><span class=\"wpcf7-list-item first\"><input type=\"radio\" name=\"ON\" value=\"Oui\" checked=\"checked\" \/><span class=\"wpcf7-list-item-label\">Oui<\/span><\/span><span class=\"wpcf7-list-item last\"><input type=\"radio\" name=\"ON\" value=\"Non\" \/><span class=\"wpcf7-list-item-label\">Non<\/span><\/span><\/span><\/span><br \/>\n<label> <span class=\"wpcf7-form-control-wrap\" data-name=\"your-name\"><input size=\"40\" maxlength=\"400\" class=\"wpcf7-form-control wpcf7-text wpcf7-validates-as-required font14 fontopensans regular\" aria-required=\"true\" aria-invalid=\"false\" placeholder=\"Nom complet\" value=\"\" type=\"text\" name=\"your-name\" \/><\/span> <\/label><br \/>\n<label> <span class=\"wpcf7-form-control-wrap\" data-name=\"your-email\"><input size=\"40\" maxlength=\"400\" class=\"wpcf7-form-control wpcf7-email wpcf7-validates-as-required wpcf7-text wpcf7-validates-as-email font14 fontopensans regular\" aria-required=\"true\" aria-invalid=\"false\" placeholder=\"Courriel\" value=\"\" type=\"email\" name=\"your-email\" \/><\/span> <\/label><br \/>\n<label> <span class=\"wpcf7-form-control-wrap\" data-name=\"your-phone\"><input size=\"40\" maxlength=\"400\" class=\"wpcf7-form-control wpcf7-tel wpcf7-validates-as-required wpcf7-text wpcf7-validates-as-tel font14 fontopensans regular\" aria-required=\"true\" aria-invalid=\"false\" placeholder=\"T\u00e9l\u00e9phone\" value=\"\" type=\"tel\" name=\"your-phone\" \/><\/span> <\/label><br \/>\n<label><span class=\"wpcf7-form-control-wrap\" data-name=\"your-message\"><textarea cols=\"40\" rows=\"3\" maxlength=\"2000\" class=\"wpcf7-form-control wpcf7-textarea font14 fontopensans regular\" aria-invalid=\"false\" placeholder=\"Commentaires, questions?\" name=\"your-message\"><\/textarea><\/span><\/label><br \/>\n<span id=\"wpcf7-69f4c4534eaa3-wrapper\" class=\"wpcf7-form-control-wrap honeypot-stcfr-wrap\" style=\"display:none !important; visibility:hidden !important;\"><label for=\"wpcf7-69f4c4534eaa3-field\" class=\"hp-message\">Veuillez laisser ce champ vide.<\/label><input id=\"wpcf7-69f4c4534eaa3-field\"  class=\"wpcf7-form-control wpcf7-text\" type=\"text\" name=\"honeypot-stcfr\" value=\"\" size=\"40\" tabindex=\"-1\" autocomplete=\"new-password\" \/><\/span><br \/>\n<input class=\"wpcf7-form-control wpcf7-submit has-spinner btn-theme\" type=\"submit\" value=\"soumettre\" \/>\n\t<\/p>\n<\/div><input\n                    class=\"apbct_special_field apbct_email_id__wp_contact_form_7\"\n                    name=\"apbct__email_id__wp_contact_form_7\"\n                    aria-label=\"apbct__label_id__wp_contact_form_7\"\n                    type=\"text\" size=\"30\" maxlength=\"200\" autocomplete=\"off\"\n                    value=\"\"\n                \/><div class=\"wpcf7-response-output\" aria-hidden=\"true\"><\/div>\n<\/form>\n<\/div>\n                    <\/div>\n                    <div class=\"tab Promotions\" style=\" padding: 15% 2%;\">\n\n                        <p style=\"margin:15px 0\" class=\"font30 regular\">Promotions \u00e0 venir\n\t\t\t\t\t\t<\/p>\n                    <\/div>\n                    <div class=\"tab joindre\" style=\" padding: 15% 2%;\">\n\n                        <p class=\"font18 regular fontopensans\">Vous \u00eates \u00e0 la recherche d\u2019un dentiste \u00e0 L\u2019\u00cele-Perrot ? Quelle que soit la nature de vos besoins ou votre condition bucco-dentaire, nos professionnels sauront vous proposer les meilleurs soins. Contactez-nous d\u00e8s maintenant !<\/p><br><br>\n\n                           <p class=\"font18 regular fontopensans\"> Centre Dentaire Don Quichotte25,<br>\n                               boulevard Don Quichotte,<br>\n                               suite\u00a0144<br>\n                               L\u2019\u00cele-Perrot, QC, J7V 7X4<br>\n                               <a href=\"tel:5144254256\">514-425-4256<\/a><br>\n                               <a href=\"mailto:cddonquichotte@hotmail.com\">cddonquichotte@hotmail.com<\/a>\n                           <\/p>\n                    <\/div>\n                <\/div>\n                <a href=\"#\" class=\"item urgence\">\n                    <div class=\"logo\">\n                        <center>\n                            <img decoding=\"async\" width=\"56\" height=\"60\" src=\"https:\/\/centredentairedonquichotte.com\/wp-content\/uploads\/2018\/06\/urgence.png\" class=\"attachment-full size-full\" alt=\"\" \/><br>\n                            Urgences\n                            dentaires\n                        <\/center>\n                    <\/div>\n                <\/a>\n\n                <a href=\"#\"  class=\"item rdv\">\n                    <div class=\"logo\">\n                        <center>\n                            <img decoding=\"async\" width=\"54\" height=\"54\" src=\"https:\/\/centredentairedonquichotte.com\/wp-content\/uploads\/2018\/06\/rendez-vous.png\" class=\"attachment-full size-full\" alt=\"\" \/><br>\n                            Prendre un\n                            rendez-vous\n                        <\/center>\n                    <\/div>\n                <\/a>\n                <a href=\"#\"  class=\"item Promotions\">\n                    <div class=\"logo\">\n                        <center>\n                            <img decoding=\"async\" width=\"76\" height=\"32\" src=\"https:\/\/centredentairedonquichotte.com\/wp-content\/uploads\/2018\/06\/promotions.png\" class=\"attachment-full size-full\" alt=\"\" \/><br>\n                            Promotions\n                        <\/center>\n                    <\/div>\n                <\/a>\n                <a href=\"#\"  class=\"item joindre\">\n                    <div class=\"logo\">\n                        <center>\n                            <img decoding=\"async\" width=\"60\" height=\"58\" src=\"https:\/\/centredentairedonquichotte.com\/wp-content\/uploads\/2018\/06\/Nous-joindre.png\" class=\"attachment-full size-full\" alt=\"\" \/><br>\n                            Nous\n                            joindre<\/center>\n                    <\/div>\n                <\/a>\n            <\/div>\n        <\/div>\n        \n\n        [\/vc_column][\/vc_row][vc_row gap=&#8221;35&#8243; equal_height=&#8221;yes&#8221; el_class=&#8221;padding380x padding100yt&#8221;][vc_column width=&#8221;7\/12&#8243;][vc_custom_heading text=&#8221;Dr. Linda Le&#8221; use_theme_fonts=&#8221;yes&#8221; el_class=&#8221;font30 bold colorTheme&#8221;][vc_column_text]Dr. Linda Le completed her Doctor of Dental Medicine degree at the Universit\u00e9 de Montr\u00e9al in 1997. Throughout her studies and career, she developed a passion for aesthetic dentistry. To provide the best possible care for patients of all ages, she has pursued extensive training worldwide.<br \/>\nRecognized for her gentle touch and reassuring approach, Dr. Le knows how to put even the most anxious patients at ease. Attentive and compassionate, she takes the time to understand each patient\u2019s needs to offer personalized care. She provides meticulous and dedicated attention to every patient.<br \/>\nShe will take the time to answer your questions and understand your expectations. This allows her to create a customized treatment plan to help you regain confidence in your smile. Just one visit will convince you!<br \/>\n[\/vc_column_text][\/vc_column][vc_column width=&#8221;5\/12&#8243;][vc_single_image image=&#8221;2589&#8243; img_size=&#8221;full&#8221;][\/vc_column][\/vc_row][vc_row gap=&#8221;35&#8243; equal_height=&#8221;yes&#8221; el_class=&#8221;padding380x padding100yt&#8221;][vc_column width=&#8221;5\/12&#8243;][vc_single_image image=&#8221;2591&#8243; img_size=&#8221;full&#8221;][\/vc_column][vc_column width=&#8221;7\/12&#8243;][vc_custom_heading text=&#8221;Dr. Anne Pham&#8221; use_theme_fonts=&#8221;yes&#8221; el_class=&#8221;font30 bold colorTheme&#8221;][vc_column_text]Dr. Pham graduated with a Doctor of Dental Medicine degree from the Universit\u00e9 de Montr\u00e9al in 2008. She then completed a multidisciplinary residency at the Eastman Institute for Oral Health at the University of Rochester in New York State.<br \/>\nShe practices various fields of dentistry, including general and aesthetic dentistry, prosthodontics, endodontics, and oral surgery. In addition, she is involved at the Universit\u00e9 de Montr\u00e9al as a clinical instructor for dental students. Patients appreciate her for her gentle, warm, and professional approach.<br \/>\nDynamic and perfectionist, she will take the time to inform you, guide you in your treatment options, and provide high-quality care. She looks forward to welcoming you to the clinic.<br \/>\n[\/vc_column_text][\/vc_column][\/vc_row][vc_row gap=&#8221;35&#8243; equal_height=&#8221;yes&#8221; rtl_reverse=&#8221;yes&#8221; el_class=&#8221;padding60yb padding380x padding60yt&#8221;][vc_column width=&#8221;7\/12&#8243;][vc_custom_heading text=&#8221;Dr. Ghazal Pazooki&#8221; use_theme_fonts=&#8221;yes&#8221; el_class=&#8221;font30 bold colorTheme&#8221;][vc_column_text]After earning her Doctor of Dental Medicine degree from Universit\u00e9 Laval in 2018, Dr. Ghazal completed a multidisciplinary residency to expand her skills. Always eager for new challenges, she then practiced for three years in clinics in Whitehorse, Yukon. Since 2022, Dr. Ghazal has been part of the Centre Dentaire Don Quichotte team.<br \/>\nSince graduating, Dr. Ghazal has completed multiple advanced training courses, including allogeneic, autogenous, and connective tissue gum grafting through the Acad\u00e9mie Dentaire Multidisciplinaire. She has also expanded her knowledge in the use of Botox in dentistry for both therapeutic and aesthetic purposes, training under the renowned Dr. Warren Roberts. More recently, she completed an endodontic program at the International Dental Institute.<br \/>\nAn active sports enthusiast since her teenage years, Dr. Ghazal enjoys pushing herself in all aspects of life. She is committed to providing high-quality dental care and takes the time to listen to and address all her patients\u2019 needs. Passionate about working with children\u2014demonstrated by her volunteer work at the Montreal Children\u2019s Hospital\u2014she knows how to adapt her approach to young patients, ensuring a gentle and reassuring experience.<br \/>\n[\/vc_column_text][\/vc_column][vc_column width=&#8221;5\/12&#8243;][vc_single_image image=&#8221;2593&#8243; img_size=&#8221;full&#8221;][\/vc_column][\/vc_row][vc_row gap=&#8221;35&#8243; equal_height=&#8221;yes&#8221; rtl_reverse=&#8221;yes&#8221; el_class=&#8221;padding60yb padding380x padding60yt&#8221;][vc_column width=&#8221;5\/12&#8243;][vc_single_image image=&#8221;2596&#8243; img_size=&#8221;full&#8221;][\/vc_column][vc_column width=&#8221;7\/12&#8243;][vc_custom_heading text=&#8221;Dr. Rebecca Mossaad&#8221; use_theme_fonts=&#8221;yes&#8221; el_class=&#8221;font30 bold colorTheme&#8221;][vc_column_text]I am a general dentist who was born and raised in Montreal. I completed my dental studies at the University of Montreal in 2013. During my five years at university, I was twice voted the student with \u201cthe greatest sense of values\u201d and was an active member of a volunteer group called Dentraide, which provides dental care to those in need. I created and established several projects, including one for the homeless and another for vulnerable populations in Montreal. From 2011 to 2013, I was voted president of the Dentraide organization.<\/p>\n<p>In 2013, I moved to New York, then to Minnesota, where I worked in several hospitals to specialize in hospital dentistry and oral and maxillofacial surgery. In 2014, I received an award for \u201cExcellence in Service\u201d at Staten Island University Hospital.<\/p>\n<p>In 2016, I returned to Montreal to practice in the greater Montreal metropolitan area. I offer dental surgery services in several clinics in Greater Montreal. Since 2020, I have been teaching operative, cosmetic, and pediatric dentistry at the University of Montreal.<\/p>\n<p>Since completing my studies in 2013, I have volunteered twice in Bolivia and twice in Haiti to provide services to populations that do not have access to dental care. I also volunteer in private practice through a project called Bouche B, established by the Fondation de l&#8217;Ordre des Dentistes du Qu\u00e9bec.<\/p>\n<p>I enjoy working with people from different cultural backgrounds and can communicate in French, English, Spanish, and Arabic! Every day, I strive to improve as a healthcare professional and take continuing dental education seriously in order to provide the best services to my patients. I love my work, and my patients are the source of my passion!<br \/>\n[\/vc_column_text][\/vc_column][\/vc_row][vc_row gap=&#8221;35&#8243; equal_height=&#8221;yes&#8221; rtl_reverse=&#8221;yes&#8221; el_class=&#8221;padding60yb padding380x padding60yt&#8221;][vc_column width=&#8221;7\/12&#8243;][vc_custom_heading text=&#8221;Dr. H\u00e9lo\u00efse Gingras&#8221; use_theme_fonts=&#8221;yes&#8221; el_class=&#8221;font30 bold colorTheme&#8221;][vc_column_text]Dr. H\u00e9lo\u00efse Gingras obtained her dental degree from Laval University in June 2018. She then chose to further her knowledge in dentofacial orthopedics and orthodontics at the International Dental Institute, a three-year program. She joined the team at Centre Dentaire Don Quichotte in 2022, a dedicated and dynamic team that shares her values. Dr. Gingras is engaged and has a German Shepherd named Oslo. Her hobbies include walking her dog, sports, reading, and painting.<\/p>\n<p>Dr. Gingras is attentive, has a gentle approach, and reassures nervous patients. Perfectionism is at the heart of her practice, offering personalized care while considering the reality of each of her patients. Her desire to learn and her curiosity allow her to stay up to date with the latest developments in dentistry and to be on the lookout for the latest technologies.<\/p>\n<p>Dr. Gingras is a member of the Ordre des dentistes du Qu\u00e9bec, the Association des chirurgiens-dentistes du Qu\u00e9bec, and the International Association of Orthodontics.<br \/>\n[\/vc_column_text][\/vc_column][vc_column width=&#8221;5\/12&#8243;][vc_single_image image=&#8221;2600&#8243; img_size=&#8221;full&#8221;][\/vc_column][\/vc_row]<\/p>\n","protected":false},"excerpt":{"rendered":"<p>[vc_row][vc_column][\/vc_column][\/vc_row][vc_row gap=&#8221;35&#8243; equal_height=&#8221;yes&#8221; el_class=&#8221;padding380x padding100yt&#8221;][vc_column width=&#8221;7\/12&#8243;][vc_custom_heading text=&#8221;Dr. Linda Le&#8221; use_theme_fonts=&#8221;yes&#8221; el_class=&#8221;font30 bold colorTheme&#8221;][vc_column_text]Dr. Linda Le completed her Doctor of Dental Medicine degree at the Universit\u00e9 de Montr\u00e9al in 1997. Throughout her studies and career, she developed a passion for aesthetic dentistry. To provide the best possible care for patients of all ages, she has pursued [&hellip;]<\/p>\n","protected":false},"author":1,"featured_media":2603,"parent":0,"menu_order":0,"comment_status":"closed","ping_status":"closed","template":"","meta":{"footnotes":""},"class_list":["post-2602","page","type-page","status-publish","has-post-thumbnail","hentry"],"_links":{"self":[{"href":"https:\/\/centredentairedonquichotte.com\/en\/wp-json\/wp\/v2\/pages\/2602","targetHints":{"allow":["GET"]}}],"collection":[{"href":"https:\/\/centredentairedonquichotte.com\/en\/wp-json\/wp\/v2\/pages"}],"about":[{"href":"https:\/\/centredentairedonquichotte.com\/en\/wp-json\/wp\/v2\/types\/page"}],"author":[{"embeddable":true,"href":"https:\/\/centredentairedonquichotte.com\/en\/wp-json\/wp\/v2\/users\/1"}],"replies":[{"embeddable":true,"href":"https:\/\/centredentairedonquichotte.com\/en\/wp-json\/wp\/v2\/comments?post=2602"}],"version-history":[{"count":5,"href":"https:\/\/centredentairedonquichotte.com\/en\/wp-json\/wp\/v2\/pages\/2602\/revisions"}],"predecessor-version":[{"id":2610,"href":"https:\/\/centredentairedonquichotte.com\/en\/wp-json\/wp\/v2\/pages\/2602\/revisions\/2610"}],"wp:featuredmedia":[{"embeddable":true,"href":"https:\/\/centredentairedonquichotte.com\/en\/wp-json\/wp\/v2\/media\/2603"}],"wp:attachment":[{"href":"https:\/\/centredentairedonquichotte.com\/en\/wp-json\/wp\/v2\/media?parent=2602"}],"curies":[{"name":"wp","href":"https:\/\/api.w.org\/{rel}","templated":true}]}}