{"id":789,"date":"2018-06-26T18:00:33","date_gmt":"2018-06-26T16:00:33","guid":{"rendered":"http:\/\/don.virus-sante-communication.ca\/en\/?page_id=789"},"modified":"2021-08-26T15:50:27","modified_gmt":"2021-08-26T13:50:27","slug":"blog","status":"publish","type":"page","link":"https:\/\/centredentairedonquichotte.com\/en\/blog\/","title":{"rendered":"Blog"},"content":{"rendered":"<p>[vc_row][vc_column]        <div class=\"carousel carousel-slider center\"  style=\" width:100%;\">\n            <div class=\"carousel-item red white-text\">\n                <img decoding=\"async\" width=\"1920\" height=\"685\" src=\"https:\/\/centredentairedonquichotte.com\/wp-content\/uploads\/2018\/10\/DQ_website_header-ConseilsDentaires.jpg\" class=\"attachment-full size-full\" alt=\"\" srcset=\"https:\/\/centredentairedonquichotte.com\/wp-content\/uploads\/2018\/10\/DQ_website_header-ConseilsDentaires.jpg 1920w, https:\/\/centredentairedonquichotte.com\/wp-content\/uploads\/2018\/10\/DQ_website_header-ConseilsDentaires-300x107.jpg 300w, https:\/\/centredentairedonquichotte.com\/wp-content\/uploads\/2018\/10\/DQ_website_header-ConseilsDentaires-768x274.jpg 768w, https:\/\/centredentairedonquichotte.com\/wp-content\/uploads\/2018\/10\/DQ_website_header-ConseilsDentaires-1024x365.jpg 1024w\" sizes=\"(max-width: 1920px) 100vw, 1920px\" \/>                <div class=\"contentSlider\">\n                    <p class=\"font40 upperCase\">THE DENTAL CLINIC <br> \n<strong>AT THE HEART<\/strong><br>  \nOF \u00ceLE-PERROT <\/p                <\/div>\n            <\/div>\n            <!-- for desktop -->\n            <div class=\"menuSideBar wAboveTable\">\n                <span class=\"close-menuSideBar\">&times<\/span>\n                <div class=\"content-tabs-menuSideBar\">\n                    <div class=\"tab urgence\" style=\" padding: 15% 2%;\">\n                        <p class=\"font18 regular fontopensans\">\n                            We put at your disposal 6 general dentists for the treatment and care of DENTAL\n                            EMERGENCIES in \u00cele-Perrot: fractured tooth, dental infection or abnormal toothache\u2026\n                            Our team works hard to receive you quickly in order to offer you pain relief and avoid\n                            complications!<\/p>\n\n                        <p class=\"font18 regular fontopensans\"> <strong>Clinic hours :<\/strong><br>\n                            Monday 9:00 \u2013 18:00<br>\n                            Tuesday 9:00 \u2013 19:00<br>\n                            Wednesday 9:00 \u2013 20:00<br>\n                            Thursday 13:00 \u2013 21:00<br>\n                            Friday 9:00 \u2013 15:00 *<br>\n                            Saturday 9:00 \u2013 15:00 *<\/p>\n\n                        <p class=\"font18 regular fontopensans\"> * Appointments only\n\n                        <\/p>\n                    <\/div>\n                    <div class=\"tab rdv\">\n                         \n<div class=\"wpcf7 no-js\" id=\"wpcf7-f1250-o1\" lang=\"fr-FR\" dir=\"ltr\" data-wpcf7-id=\"1250\">\n<div class=\"screen-reader-response\"><p role=\"status\" aria-live=\"polite\" aria-atomic=\"true\"><\/p> <ul><\/ul><\/div>\n<form action=\"\/en\/wp-json\/wp\/v2\/pages\/789#wpcf7-f1250-o1\" method=\"post\" class=\"wpcf7-form init\" aria-label=\"Formulaire de contact\" novalidate=\"novalidate\" data-status=\"init\">\n<fieldset class=\"hidden-fields-container\"><input type=\"hidden\" name=\"_wpcf7\" value=\"1250\" \/><input type=\"hidden\" name=\"_wpcf7_version\" value=\"6.1.5\" \/><input type=\"hidden\" name=\"_wpcf7_locale\" value=\"fr_FR\" \/><input type=\"hidden\" name=\"_wpcf7_unit_tag\" value=\"wpcf7-f1250-o1\" \/><input type=\"hidden\" name=\"_wpcf7_container_post\" value=\"0\" \/><input type=\"hidden\" name=\"_wpcf7_posted_data_hash\" value=\"\" \/>\n<\/fieldset>\n<div class=\"contactform\">\n\t<p style=\"margin:15px 0\" class=\"font30 regular\">Make an appointment now\n\t<\/p>\n\t<p class=\"font14 regular fontopensans\">To make an appointment, you call us at (514) 425-4256, or fill in this form.\n\t<\/p>\n\t<p class=\"font14 semi-bold upperCase colorTheme fontopensans \">Availabilities\n\t<\/p>\n\t<p><span class=\"wpcf7-form-control-wrap\" data-name=\"Disponibilite\"><span class=\"wpcf7-form-control wpcf7-checkbox dispo font14\"><span class=\"wpcf7-list-item first\"><input type=\"checkbox\" name=\"Disponibilite[]\" value=\"Monday\" \/><span class=\"wpcf7-list-item-label\">Monday<\/span><\/span><span class=\"wpcf7-list-item\"><input type=\"checkbox\" name=\"Disponibilite[]\" value=\"Tuesday\" \/><span class=\"wpcf7-list-item-label\">Tuesday<\/span><\/span><span class=\"wpcf7-list-item\"><input type=\"checkbox\" name=\"Disponibilite[]\" value=\"Wednesday\" \/><span class=\"wpcf7-list-item-label\">Wednesday<\/span><\/span><span class=\"wpcf7-list-item\"><input type=\"checkbox\" name=\"Disponibilite[]\" value=\"Thursday\" \/><span class=\"wpcf7-list-item-label\">Thursday<\/span><\/span><span class=\"wpcf7-list-item\"><input type=\"checkbox\" name=\"Disponibilite[]\" value=\"Friday\" \/><span class=\"wpcf7-list-item-label\">Friday<\/span><\/span><span class=\"wpcf7-list-item last\"><input type=\"checkbox\" name=\"Disponibilite[]\" value=\"Saturday\" \/><span class=\"wpcf7-list-item-label\">Saturday<\/span><\/span><\/span><\/span>\n\t<\/p>\n\t<p class=\"font14 semi-bold upperCase colorTheme fontopensans\">\u00cates-vous un nouveau patient?\n\t<\/p>\n\t<p><span class=\"wpcf7-form-control-wrap\" data-name=\"ON\"><span class=\"wpcf7-form-control wpcf7-radio font14 fontopensans regular\"><span class=\"wpcf7-list-item first\"><input type=\"radio\" name=\"ON\" value=\"Yes\" checked=\"checked\" \/><span class=\"wpcf7-list-item-label\">Yes<\/span><\/span><span class=\"wpcf7-list-item last\"><input type=\"radio\" name=\"ON\" value=\"No\" \/><span class=\"wpcf7-list-item-label\">No<\/span><\/span><\/span><\/span><br \/>\n<label> <span class=\"wpcf7-form-control-wrap\" data-name=\"your-name\"><input size=\"40\" maxlength=\"400\" class=\"wpcf7-form-control wpcf7-text wpcf7-validates-as-required font14 fontopensans regular\" aria-required=\"true\" aria-invalid=\"false\" placeholder=\"Your complete name\" value=\"\" type=\"text\" name=\"your-name\" \/><\/span> <\/label><br \/>\n<label> <span class=\"wpcf7-form-control-wrap\" data-name=\"your-email\"><input size=\"40\" maxlength=\"400\" class=\"wpcf7-form-control wpcf7-email wpcf7-validates-as-required wpcf7-text wpcf7-validates-as-email font14 fontopensans regular\" aria-required=\"true\" aria-invalid=\"false\" placeholder=\"Email\" value=\"\" type=\"email\" name=\"your-email\" \/><\/span> <\/label><br \/>\n<label> <span class=\"wpcf7-form-control-wrap\" data-name=\"your-phone\"><input size=\"40\" maxlength=\"400\" class=\"wpcf7-form-control wpcf7-tel wpcf7-validates-as-required wpcf7-text wpcf7-validates-as-tel font14 fontopensans regular\" aria-required=\"true\" aria-invalid=\"false\" placeholder=\"Phone number\" value=\"\" type=\"tel\" name=\"your-phone\" \/><\/span> <\/label><br \/>\n<label><span class=\"wpcf7-form-control-wrap\" data-name=\"your-message\"><textarea cols=\"40\" rows=\"3\" maxlength=\"2000\" class=\"wpcf7-form-control wpcf7-textarea font14 fontopensans regular\" aria-invalid=\"false\" placeholder=\"Tell us more\u2026\" name=\"your-message\"><\/textarea><\/span><\/label><br \/>\n<span id=\"wpcf7-69e172251d4df-wrapper\" class=\"wpcf7-form-control-wrap honeypot-sticen-wrap\" style=\"display:none !important; visibility:hidden !important;\"><label for=\"wpcf7-69e172251d4df-field\" class=\"hp-message\">Veuillez laisser ce champ vide.<\/label><input id=\"wpcf7-69e172251d4df-field\"  class=\"wpcf7-form-control wpcf7-text\" type=\"text\" name=\"honeypot-sticen\" value=\"\" size=\"40\" tabindex=\"-1\" autocomplete=\"new-password\" \/><\/span><br \/>\n<input class=\"wpcf7-form-control wpcf7-submit has-spinner btn-theme\" type=\"submit\" value=\"Send\" \/>\n\t<\/p>\n<\/div><input\n                    class=\"apbct_special_field apbct_email_id__wp_contact_form_7\"\n                    name=\"apbct__email_id__wp_contact_form_7\"\n                    aria-label=\"apbct__label_id__wp_contact_form_7\"\n                    type=\"text\" size=\"30\" maxlength=\"200\" autocomplete=\"off\"\n                    value=\"\"\n                \/><div class=\"wpcf7-response-output\" aria-hidden=\"true\"><\/div>\n<\/form>\n<\/div>\n                    <\/div>\n                    <div class=\"tab Promotions\" style=\" padding: 15% 2%;\">\n\n                        <p style=\"margin:15px 0\" class=\"font30 regular\">More to come\n                        <\/p>\n                    <\/div>\n                    <div class=\"tab joindre\" style=\" padding: 15% 2%;\">\n\n                        <p class=\"font18 regular fontopensans\">Looking for a new dentist in \u00cele-Perrot? At our dental center, you will find all the services you\n                            need, regardless of your oral health situation or age. We will take the time to\n                            properly examine and discuss with you in order to understand your needs.\n                            Contact us now!<\/p><br><br>\n\n                           <p class=\"font18 regular fontopensans\"> Centre Dentaire Don Quichotte<br>\n                               25 Boulevard Don Quichotte<br>\n                               Suite 144 L'\u00cele-Perrot<br>\n                               Qu\u00e9bec J7V 7X4<br>\n                               <a href=\"tel:5144254256\">514-425-4256<\/a><br>\n                               <a href=\"mailto:cddonquichotte@hotmail.com\">cddonquichotte@hotmail.com<\/a>\n                           <\/p>\n                    <\/div>\n                <\/div>\n                <a href=\"#\" class=\"item urgence\">\n                    <div class=\"logo\">\n                        <center>\n                            <img decoding=\"async\" width=\"56\" height=\"60\" src=\"https:\/\/centredentairedonquichotte.com\/wp-content\/uploads\/2018\/06\/urgence.png\" class=\"attachment-full size-full\" alt=\"\" \/><br>\n                            Dental\n                            emergencies\n                        <\/center>\n                    <\/div>\n                <\/a>\n\n                <a href=\"#\"  class=\"item rdv\">\n                    <div class=\"logo\">\n                        <center>\n                            <img decoding=\"async\" width=\"54\" height=\"54\" src=\"https:\/\/centredentairedonquichotte.com\/wp-content\/uploads\/2018\/06\/rendez-vous.png\" class=\"attachment-full size-full\" alt=\"\" \/><br>\n                            Make an\n                            appointment\n                        <\/center>\n                    <\/div>\n                <\/a>\n                <a href=\"#\"  class=\"item Promotions\">\n                    <div class=\"logo\">\n                        <center>\n                            <img decoding=\"async\" width=\"76\" height=\"32\" src=\"https:\/\/centredentairedonquichotte.com\/wp-content\/uploads\/2018\/06\/promotions.png\" class=\"attachment-full size-full\" alt=\"\" \/><br>\n                            Promotions\n                        <\/center>\n                    <\/div>\n                <\/a>\n                <a href=\"#\"  class=\"item joindre\">\n                    <div class=\"logo\">\n                        <center>\n                            <img decoding=\"async\" width=\"60\" height=\"58\" src=\"https:\/\/centredentairedonquichotte.com\/wp-content\/uploads\/2018\/06\/Nous-joindre.png\" class=\"attachment-full size-full\" alt=\"\" \/><br>\n                            Contact\n                            Us<\/center>\n                    <\/div>\n                <\/a>\n            <\/div>\n\n        <\/div>\n        <div id=\"accordion-section-component\">\n            <div class=\"accordion\">\n            <span class=\"icon\">\n              <img decoding=\"async\" width=\"56\" height=\"60\" src=\"https:\/\/centredentairedonquichotte.com\/wp-content\/uploads\/2018\/06\/urgence.png\" class=\"attachment-full size-full\" alt=\"\" \/>            <\/span>\n                <span class=\"title\">\n                Dental emergencies\n            <\/span>\n            <\/div>\n            <div class=\"panel\">\n                <p class=\"fontopensans\">\n                    We put at your disposal 6 general dentists for the treatment and care of DENTAL\n                    EMERGENCIES in \u00cele-Perrot: fractured tooth, dental infection or abnormal toothache\u2026\n                    Our team works hard to receive you quickly in order to offer you pain relief and avoid\n                    complications!<\/p>\n\n                <p class=\"fontopensans\"> <strong>Clinic hours :<\/strong><br>\n                    Monday 9:00 \u2013 18:00<br>\n                    Tuesday 9:00 \u2013 19:00<br>\n                    Wednesday 9:00 \u2013 20:00<br>\n                    Thursday 13:00 \u2013 21:00<br>\n                    Friday 9:00 \u2013 15:00 *<br>\n                    Saturday 9:00 \u2013 15:00 *<\/p>\n\n                <p class=\"fontopensans\"> * Appointments only\n\n                <\/p>\n            <\/div>\n\n            <div class=\"accordion\">\n            <span class=\"icon rdv\">\n             <img decoding=\"async\" width=\"54\" height=\"54\" src=\"https:\/\/centredentairedonquichotte.com\/wp-content\/uploads\/2018\/06\/rendez-vous.png\" class=\"attachment-full size-full\" alt=\"\" \/>            <\/span>\n                <span class=\"title\">\n                 Make an appointment\n            <\/span>\n            <\/div>\n            <div class=\"panel\">\n                 \n<div class=\"wpcf7 no-js\" id=\"wpcf7-f1250-o2\" lang=\"fr-FR\" dir=\"ltr\" data-wpcf7-id=\"1250\">\n<div class=\"screen-reader-response\"><p role=\"status\" aria-live=\"polite\" aria-atomic=\"true\"><\/p> <ul><\/ul><\/div>\n<form action=\"\/en\/wp-json\/wp\/v2\/pages\/789#wpcf7-f1250-o2\" method=\"post\" class=\"wpcf7-form init\" aria-label=\"Formulaire de contact\" novalidate=\"novalidate\" data-status=\"init\">\n<fieldset class=\"hidden-fields-container\"><input type=\"hidden\" name=\"_wpcf7\" value=\"1250\" \/><input type=\"hidden\" name=\"_wpcf7_version\" value=\"6.1.5\" \/><input type=\"hidden\" name=\"_wpcf7_locale\" value=\"fr_FR\" \/><input type=\"hidden\" name=\"_wpcf7_unit_tag\" value=\"wpcf7-f1250-o2\" \/><input type=\"hidden\" name=\"_wpcf7_container_post\" value=\"0\" \/><input type=\"hidden\" name=\"_wpcf7_posted_data_hash\" value=\"\" \/>\n<\/fieldset>\n<div class=\"contactform\">\n\t<p style=\"margin:15px 0\" class=\"font30 regular\">Make an appointment now\n\t<\/p>\n\t<p class=\"font14 regular fontopensans\">To make an appointment, you call us at (514) 425-4256, or fill in this form.\n\t<\/p>\n\t<p class=\"font14 semi-bold upperCase colorTheme fontopensans \">Availabilities\n\t<\/p>\n\t<p><span class=\"wpcf7-form-control-wrap\" data-name=\"Disponibilite\"><span class=\"wpcf7-form-control wpcf7-checkbox dispo font14\"><span class=\"wpcf7-list-item first\"><input type=\"checkbox\" name=\"Disponibilite[]\" value=\"Monday\" \/><span class=\"wpcf7-list-item-label\">Monday<\/span><\/span><span class=\"wpcf7-list-item\"><input type=\"checkbox\" name=\"Disponibilite[]\" value=\"Tuesday\" \/><span class=\"wpcf7-list-item-label\">Tuesday<\/span><\/span><span class=\"wpcf7-list-item\"><input type=\"checkbox\" name=\"Disponibilite[]\" value=\"Wednesday\" \/><span class=\"wpcf7-list-item-label\">Wednesday<\/span><\/span><span class=\"wpcf7-list-item\"><input type=\"checkbox\" name=\"Disponibilite[]\" value=\"Thursday\" \/><span class=\"wpcf7-list-item-label\">Thursday<\/span><\/span><span class=\"wpcf7-list-item\"><input type=\"checkbox\" name=\"Disponibilite[]\" value=\"Friday\" \/><span class=\"wpcf7-list-item-label\">Friday<\/span><\/span><span class=\"wpcf7-list-item last\"><input type=\"checkbox\" name=\"Disponibilite[]\" value=\"Saturday\" \/><span class=\"wpcf7-list-item-label\">Saturday<\/span><\/span><\/span><\/span>\n\t<\/p>\n\t<p class=\"font14 semi-bold upperCase colorTheme fontopensans\">\u00cates-vous un nouveau patient?\n\t<\/p>\n\t<p><span class=\"wpcf7-form-control-wrap\" data-name=\"ON\"><span class=\"wpcf7-form-control wpcf7-radio font14 fontopensans regular\"><span class=\"wpcf7-list-item first\"><input type=\"radio\" name=\"ON\" value=\"Yes\" checked=\"checked\" \/><span class=\"wpcf7-list-item-label\">Yes<\/span><\/span><span class=\"wpcf7-list-item last\"><input type=\"radio\" name=\"ON\" value=\"No\" \/><span class=\"wpcf7-list-item-label\">No<\/span><\/span><\/span><\/span><br \/>\n<label> <span class=\"wpcf7-form-control-wrap\" data-name=\"your-name\"><input size=\"40\" maxlength=\"400\" class=\"wpcf7-form-control wpcf7-text wpcf7-validates-as-required font14 fontopensans regular\" aria-required=\"true\" aria-invalid=\"false\" placeholder=\"Your complete name\" value=\"\" type=\"text\" name=\"your-name\" \/><\/span> <\/label><br \/>\n<label> <span class=\"wpcf7-form-control-wrap\" data-name=\"your-email\"><input size=\"40\" maxlength=\"400\" class=\"wpcf7-form-control wpcf7-email wpcf7-validates-as-required wpcf7-text wpcf7-validates-as-email font14 fontopensans regular\" aria-required=\"true\" aria-invalid=\"false\" placeholder=\"Email\" value=\"\" type=\"email\" name=\"your-email\" \/><\/span> <\/label><br \/>\n<label> <span class=\"wpcf7-form-control-wrap\" data-name=\"your-phone\"><input size=\"40\" maxlength=\"400\" class=\"wpcf7-form-control wpcf7-tel wpcf7-validates-as-required wpcf7-text wpcf7-validates-as-tel font14 fontopensans regular\" aria-required=\"true\" aria-invalid=\"false\" placeholder=\"Phone number\" value=\"\" type=\"tel\" name=\"your-phone\" \/><\/span> <\/label><br \/>\n<label><span class=\"wpcf7-form-control-wrap\" data-name=\"your-message\"><textarea cols=\"40\" rows=\"3\" maxlength=\"2000\" class=\"wpcf7-form-control wpcf7-textarea font14 fontopensans regular\" aria-invalid=\"false\" placeholder=\"Tell us more\u2026\" name=\"your-message\"><\/textarea><\/span><\/label><br \/>\n<span id=\"wpcf7-69e1722520209-wrapper\" class=\"wpcf7-form-control-wrap honeypot-sticen-wrap\" style=\"display:none !important; visibility:hidden !important;\"><label for=\"wpcf7-69e1722520209-field\" class=\"hp-message\">Veuillez laisser ce champ vide.<\/label><input id=\"wpcf7-69e1722520209-field\"  class=\"wpcf7-form-control wpcf7-text\" type=\"text\" name=\"honeypot-sticen\" value=\"\" size=\"40\" tabindex=\"-1\" autocomplete=\"new-password\" \/><\/span><br \/>\n<input class=\"wpcf7-form-control wpcf7-submit has-spinner btn-theme\" type=\"submit\" value=\"Send\" \/>\n\t<\/p>\n<\/div><input\n                    class=\"apbct_special_field apbct_email_id__wp_contact_form_7\"\n                    name=\"apbct__email_id__wp_contact_form_7\"\n                    aria-label=\"apbct__label_id__wp_contact_form_7\"\n                    type=\"text\" size=\"30\" maxlength=\"200\" autocomplete=\"off\"\n                    value=\"\"\n                \/><div class=\"wpcf7-response-output\" aria-hidden=\"true\"><\/div>\n<\/form>\n<\/div>\n            <\/div>\n\n            <div class=\"accordion\">\n            <span class=\"icon Promotions\">\n             <img decoding=\"async\" width=\"76\" height=\"32\" src=\"https:\/\/centredentairedonquichotte.com\/wp-content\/uploads\/2018\/06\/promotions.png\" class=\"attachment-full size-full\" alt=\"\" \/>            <\/span>\n                <span class=\"title Promotions\">\n                Promotions\n            <\/span>\n            <\/div>\n            <div class=\"panel\">\n                <p class=\"fontopensans\">More to come\n                <\/p>\n            <\/div>\n\n            <div class=\"accordion\">\n            <span class=\"icon joindre\">\n             <img decoding=\"async\" width=\"60\" height=\"58\" src=\"https:\/\/centredentairedonquichotte.com\/wp-content\/uploads\/2018\/06\/Nous-joindre.png\" class=\"attachment-full size-full\" alt=\"\" \/>            <\/span>\n                <span class=\"title\">\n                Contact us\n            <\/span>\n            <\/div>\n            <div class=\"panel\">\n                <p class=\"fontopensans\"> Looking for a new dentist in \u00cele-Perrot? At our clinic, you will find all the services you\n                    need, regardless of your oral health situation or age. Our team will take the time to\n                    properly examine and discuss with you in order to understand your needs.\n                    Contact us now!<\/p><br>\n\n                <p class=\"fontopensans\"> Centre Dentaire Don Quichotte<br>\n                    25 Boulevard Don Quichotte,<br>\n                    Suite 144 L'\u00cele-Perrot,<br>\n                    Qu\u00e9bec J7V 7X4<br>\n                    <a href=\"tel:5144254256\">514-425-4256<\/a><br>\n                    <a href=\"mailto:cddonquichotte@hotmail.com\">cddonquichotte@hotmail.com<\/a>\n                <\/p>\n            <\/div>\n        <\/div>\n\n        [\/vc_column][\/vc_row][vc_row el_class=&#8221;padding440x padding100yt&#8221;][vc_column][vc_custom_heading text=&#8221;Our Post-Operative Advice&#8221; font_container=&#8221;tag:h1|text_align:left&#8221; use_theme_fonts=&#8221;yes&#8221; el_class=&#8221;font30 regular&#8221;][\/vc_column][\/vc_row][vc_row el_class=&#8221;padding440x padding60yt&#8221;][vc_column][vc_column_text]<\/p>\n<h2><a class=\"font14 bold upperCase colorTheme fontopensans catmenu\" href=\"#\">G\u00e9n\u00e9rale<\/a> <a class=\"font14 bold upperCase colorTheme fontopensans catmenu\" href=\"#\">Dentisterie familiale<\/a> <a class=\"font14 bold upperCase colorTheme fontopensans catmenu\" href=\"#\">Orthodontie<\/a> <a class=\"font14 bold upperCase colorTheme fontopensans catmenu\" href=\"#\">implantologie<\/a> <a class=\"font14 bold upperCase colorTheme fontopensans catmenu\" href=\"#\">toutes cat\u00e9gories<\/a><\/h2>\n<p>[\/vc_column_text][vc_basic_grid post_type=&#8221;post&#8221; max_items=&#8221;-1&#8243; style=&#8221;pagination&#8221; items_per_page=&#8221;9&#8243; paging_design=&#8221;pagination_default&#8221; item=&#8221;239&#8243; grid_id=&#8221;vc_gid:1629982152875-0ee8ded4-7fdc-4&#8243; el_class=&#8221;homepageGrid padding60yt&#8221;][\/vc_column][\/vc_row]<\/p>\n","protected":false},"excerpt":{"rendered":"<p>[vc_row][vc_column][\/vc_column][\/vc_row][vc_row el_class=&#8221;padding440x padding100yt&#8221;][vc_column][vc_custom_heading text=&#8221;Our Post-Operative Advice&#8221; font_container=&#8221;tag:h1|text_align:left&#8221; use_theme_fonts=&#8221;yes&#8221; el_class=&#8221;font30 regular&#8221;][\/vc_column][\/vc_row][vc_row el_class=&#8221;padding440x padding60yt&#8221;][vc_column][vc_column_text] G\u00e9n\u00e9rale Dentisterie familiale Orthodontie implantologie toutes cat\u00e9gories [\/vc_column_text][vc_basic_grid post_type=&#8221;post&#8221; max_items=&#8221;-1&#8243; style=&#8221;pagination&#8221; items_per_page=&#8221;9&#8243; paging_design=&#8221;pagination_default&#8221; item=&#8221;239&#8243; grid_id=&#8221;vc_gid:1629982152875-0ee8ded4-7fdc-4&#8243; el_class=&#8221;homepageGrid padding60yt&#8221;][\/vc_column][\/vc_row]<\/p>\n","protected":false},"author":1,"featured_media":0,"parent":0,"menu_order":0,"comment_status":"closed","ping_status":"closed","template":"","meta":{"footnotes":""},"class_list":["post-789","page","type-page","status-publish","hentry"],"_links":{"self":[{"href":"https:\/\/centredentairedonquichotte.com\/en\/wp-json\/wp\/v2\/pages\/789","targetHints":{"allow":["GET"]}}],"collection":[{"href":"https:\/\/centredentairedonquichotte.com\/en\/wp-json\/wp\/v2\/pages"}],"about":[{"href":"https:\/\/centredentairedonquichotte.com\/en\/wp-json\/wp\/v2\/types\/page"}],"author":[{"embeddable":true,"href":"https:\/\/centredentairedonquichotte.com\/en\/wp-json\/wp\/v2\/users\/1"}],"replies":[{"embeddable":true,"href":"https:\/\/centredentairedonquichotte.com\/en\/wp-json\/wp\/v2\/comments?post=789"}],"version-history":[{"count":5,"href":"https:\/\/centredentairedonquichotte.com\/en\/wp-json\/wp\/v2\/pages\/789\/revisions"}],"predecessor-version":[{"id":2204,"href":"https:\/\/centredentairedonquichotte.com\/en\/wp-json\/wp\/v2\/pages\/789\/revisions\/2204"}],"wp:attachment":[{"href":"https:\/\/centredentairedonquichotte.com\/en\/wp-json\/wp\/v2\/media?parent=789"}],"curies":[{"name":"wp","href":"https:\/\/api.w.org\/{rel}","templated":true}]}}