{"id":915,"date":"2018-10-22T12:18:56","date_gmt":"2018-10-22T10:18:56","guid":{"rendered":"http:\/\/don.virus-sante-communication.ca\/en\/?page_id=915"},"modified":"2021-08-25T18:16:23","modified_gmt":"2021-08-25T16:16:23","slug":"montreal","status":"publish","type":"page","link":"https:\/\/centredentairedonquichotte.com\/en\/montreal\/","title":{"rendered":"Montr\u00e9al"},"content":{"rendered":"<p>[vc_row][vc_column]        <div class=\"carousel carousel-slider center\"  style=\" width:100%;\">\n            <div class=\"carousel-item red white-text\">\n                <img decoding=\"async\" width=\"1920\" height=\"685\" src=\"https:\/\/centredentairedonquichotte.com\/wp-content\/uploads\/2018\/10\/DQ_website_header-Accesibilite.jpg\" class=\"attachment-full size-full\" alt=\"Accesibilit\u00e9 - Header\" srcset=\"https:\/\/centredentairedonquichotte.com\/wp-content\/uploads\/2018\/10\/DQ_website_header-Accesibilite.jpg 1920w, https:\/\/centredentairedonquichotte.com\/wp-content\/uploads\/2018\/10\/DQ_website_header-Accesibilite-300x107.jpg 300w, https:\/\/centredentairedonquichotte.com\/wp-content\/uploads\/2018\/10\/DQ_website_header-Accesibilite-768x274.jpg 768w, https:\/\/centredentairedonquichotte.com\/wp-content\/uploads\/2018\/10\/DQ_website_header-Accesibilite-1024x365.jpg 1024w\" sizes=\"(max-width: 1920px) 100vw, 1920px\" \/>                <div class=\"contentSlider\">\n                    <p class=\"font40 upperCase\"><strong>Directions <\/strong> <br> \nTHE DENTAL CLINIC AT THE <br>  \nHEART OF \u00ceLE-PERROT<\/p>                   <\/div>\n            <\/div>\n          \n            <!-- for desktop -->\n            <div class=\"menuSideBar wAboveTable\">\n                <span class=\"close-menuSideBar\">&times<\/span>\n                <div class=\"content-tabs-menuSideBar\">\n                    <div class=\"tab urgence\" style=\" padding: 15% 2%;\">\n                        <p class=\"font18 regular fontopensans\">\n                            Nous mettons \u00e0 votre disposition 6 dentistes g\u00e9n\u00e9ralistes pour la prise en charge de vos urgences dentaires\u00a0: dents fractur\u00e9es ou f\u00eal\u00e9es, bris d\u2019obturations ou d\u2019appareils dentaires, infections et autres douleurs dentaires\u2026 Nous vous recevrons dans les plus brefs d\u00e9lais pour un rendez-vous d\u2019urgence, durant nos heures d\u2019ouverture.<\/p>\n\n                        <p class=\"font18 regular fontopensans\"> <strong>Heures d\u2019ouverture<\/strong><br>\n                            Lundi 9:00 \u2013 18:00<br>\n                            Mardi 9:00 \u2013 19:00<br>\n                            Mercredi 9:00 \u2013 20:00<br>\n                            Jeudi 13:00 \u2013 21:00<br>\n                            Vendredi 9:00 \u2013 15:00 *<br>\n                            Samedi 9:00 \u2013 15:00 *<\/p>\n\n                        <p class=\"font18 regular fontopensans\"> * Sur rendez-vous seulement\n\n                        <\/p>\n                    <\/div>\n                    <div class=\"tab rdv\">\n                         \n<div class=\"wpcf7 no-js\" id=\"wpcf7-f46-o1\" lang=\"fr-FR\" dir=\"ltr\" data-wpcf7-id=\"46\">\n<div class=\"screen-reader-response\"><p role=\"status\" aria-live=\"polite\" aria-atomic=\"true\"><\/p> <ul><\/ul><\/div>\n<form action=\"\/en\/wp-json\/wp\/v2\/pages\/915#wpcf7-f46-o1\" method=\"post\" class=\"wpcf7-form init\" aria-label=\"Formulaire de contact\" novalidate=\"novalidate\" data-status=\"init\">\n<fieldset class=\"hidden-fields-container\"><input type=\"hidden\" name=\"_wpcf7\" value=\"46\" \/><input type=\"hidden\" name=\"_wpcf7_version\" value=\"6.1.5\" \/><input type=\"hidden\" name=\"_wpcf7_locale\" value=\"fr_FR\" \/><input type=\"hidden\" name=\"_wpcf7_unit_tag\" value=\"wpcf7-f46-o1\" \/><input type=\"hidden\" name=\"_wpcf7_container_post\" value=\"0\" \/><input type=\"hidden\" name=\"_wpcf7_posted_data_hash\" value=\"\" \/>\n<\/fieldset>\n<div class=\"contactform\">\n\t<p style=\"margin:15px 0\" class=\"font30 regular\">Demande de rendez-vous\n\t<\/p>\n\t<p class=\"font14 regular fontopensans\">Pour demander un rendez-vous, vous pouvez t\u00e9l\u00e9phoner au<br \/>\n<b>(514) 425-4256<\/b> ou compl\u00e9ter le formulaire ci-dessous.\n\t<\/p>\n\t<p class=\"font14 semi-bold upperCase colorTheme fontopensans \">Vos disponibilit\u00e9s\n\t<\/p>\n\t<p><span class=\"wpcf7-form-control-wrap\" data-name=\"Disponibilite\"><span class=\"wpcf7-form-control wpcf7-checkbox dispo font14\"><span class=\"wpcf7-list-item first\"><input type=\"checkbox\" name=\"Disponibilite[]\" value=\"Lundi\" \/><span class=\"wpcf7-list-item-label\">Lundi<\/span><\/span><span class=\"wpcf7-list-item\"><input type=\"checkbox\" name=\"Disponibilite[]\" value=\"Mardi\" \/><span class=\"wpcf7-list-item-label\">Mardi<\/span><\/span><span class=\"wpcf7-list-item\"><input type=\"checkbox\" name=\"Disponibilite[]\" value=\"Mercredi\" \/><span class=\"wpcf7-list-item-label\">Mercredi<\/span><\/span><span class=\"wpcf7-list-item\"><input type=\"checkbox\" name=\"Disponibilite[]\" value=\"Jeudi\" \/><span class=\"wpcf7-list-item-label\">Jeudi<\/span><\/span><span class=\"wpcf7-list-item\"><input type=\"checkbox\" name=\"Disponibilite[]\" value=\"Vendredi\" \/><span class=\"wpcf7-list-item-label\">Vendredi<\/span><\/span><span class=\"wpcf7-list-item last\"><input type=\"checkbox\" name=\"Disponibilite[]\" value=\"Samedi\" \/><span class=\"wpcf7-list-item-label\">Samedi<\/span><\/span><\/span><\/span>\n\t<\/p>\n\t<p class=\"font14 semi-bold upperCase colorTheme fontopensans\">\u00cates-vous un nouveau patient?\n\t<\/p>\n\t<p><span class=\"wpcf7-form-control-wrap\" data-name=\"ON\"><span class=\"wpcf7-form-control wpcf7-radio font14 fontopensans regular\"><span class=\"wpcf7-list-item first\"><input type=\"radio\" name=\"ON\" value=\"Oui\" checked=\"checked\" \/><span class=\"wpcf7-list-item-label\">Oui<\/span><\/span><span class=\"wpcf7-list-item last\"><input type=\"radio\" name=\"ON\" value=\"Non\" \/><span class=\"wpcf7-list-item-label\">Non<\/span><\/span><\/span><\/span><br \/>\n<label> <span class=\"wpcf7-form-control-wrap\" data-name=\"your-name\"><input size=\"40\" maxlength=\"400\" class=\"wpcf7-form-control wpcf7-text wpcf7-validates-as-required font14 fontopensans regular\" aria-required=\"true\" aria-invalid=\"false\" placeholder=\"Nom complet\" value=\"\" type=\"text\" name=\"your-name\" \/><\/span> <\/label><br \/>\n<label> <span class=\"wpcf7-form-control-wrap\" data-name=\"your-email\"><input size=\"40\" maxlength=\"400\" class=\"wpcf7-form-control wpcf7-email wpcf7-validates-as-required wpcf7-text wpcf7-validates-as-email font14 fontopensans regular\" aria-required=\"true\" aria-invalid=\"false\" placeholder=\"Courriel\" value=\"\" type=\"email\" name=\"your-email\" \/><\/span> <\/label><br \/>\n<label> <span class=\"wpcf7-form-control-wrap\" data-name=\"your-phone\"><input size=\"40\" maxlength=\"400\" class=\"wpcf7-form-control wpcf7-tel wpcf7-validates-as-required wpcf7-text wpcf7-validates-as-tel font14 fontopensans regular\" aria-required=\"true\" aria-invalid=\"false\" placeholder=\"T\u00e9l\u00e9phone\" value=\"\" type=\"tel\" name=\"your-phone\" \/><\/span> <\/label><br \/>\n<label><span class=\"wpcf7-form-control-wrap\" data-name=\"your-message\"><textarea cols=\"40\" rows=\"3\" maxlength=\"2000\" class=\"wpcf7-form-control wpcf7-textarea font14 fontopensans regular\" aria-invalid=\"false\" placeholder=\"Commentaires, questions?\" name=\"your-message\"><\/textarea><\/span><\/label><br \/>\n<span id=\"wpcf7-69ea16ced5254-wrapper\" class=\"wpcf7-form-control-wrap honeypot-stcfr-wrap\" style=\"display:none !important; visibility:hidden !important;\"><label for=\"wpcf7-69ea16ced5254-field\" class=\"hp-message\">Veuillez laisser ce champ vide.<\/label><input id=\"wpcf7-69ea16ced5254-field\"  class=\"wpcf7-form-control wpcf7-text\" type=\"text\" name=\"honeypot-stcfr\" value=\"\" size=\"40\" tabindex=\"-1\" autocomplete=\"new-password\" \/><\/span><br \/>\n<input class=\"wpcf7-form-control wpcf7-submit has-spinner btn-theme\" type=\"submit\" value=\"soumettre\" \/>\n\t<\/p>\n<\/div><input\n                    class=\"apbct_special_field apbct_email_id__wp_contact_form_7\"\n                    name=\"apbct__email_id__wp_contact_form_7\"\n                    aria-label=\"apbct__label_id__wp_contact_form_7\"\n                    type=\"text\" size=\"30\" maxlength=\"200\" autocomplete=\"off\"\n                    value=\"\"\n                \/><div class=\"wpcf7-response-output\" aria-hidden=\"true\"><\/div>\n<\/form>\n<\/div>\n                    <\/div>\n                    <div class=\"tab Promotions\" style=\" padding: 15% 2%;\">\n\n                        <p style=\"margin:15px 0\" class=\"font30 regular\">Promotions \u00e0 venir\n\t\t\t\t\t\t<\/p>\n                    <\/div>\n                    <div class=\"tab joindre\" style=\" padding: 15% 2%;\">\n\n                        <p class=\"font18 regular fontopensans\">Vous \u00eates \u00e0 la recherche d\u2019un dentiste \u00e0 L\u2019\u00cele-Perrot ? Quelle que soit la nature de vos besoins ou votre condition bucco-dentaire, nos professionnels sauront vous proposer les meilleurs soins. Contactez-nous d\u00e8s maintenant !<\/p><br><br>\n\n                           <p class=\"font18 regular fontopensans\"> Centre Dentaire Don Quichotte25,<br>\n                               boulevard Don Quichotte,<br>\n                               suite\u00a0144<br>\n                               L\u2019\u00cele-Perrot, QC, J7V 7X4<br>\n                               <a href=\"tel:5144254256\">514-425-4256<\/a><br>\n                               <a href=\"mailto:cddonquichotte@hotmail.com\">cddonquichotte@hotmail.com<\/a>\n                           <\/p>\n                    <\/div>\n                <\/div>\n                <a href=\"#\" class=\"item urgence\">\n                    <div class=\"logo\">\n                        <center>\n                            <img decoding=\"async\" width=\"56\" height=\"60\" src=\"https:\/\/centredentairedonquichotte.com\/wp-content\/uploads\/2018\/06\/urgence.png\" class=\"attachment-full size-full\" alt=\"\" \/><br>\n                            Urgences\n                            dentaires\n                        <\/center>\n                    <\/div>\n                <\/a>\n\n                <a href=\"#\"  class=\"item rdv\">\n                    <div class=\"logo\">\n                        <center>\n                            <img decoding=\"async\" width=\"54\" height=\"54\" src=\"https:\/\/centredentairedonquichotte.com\/wp-content\/uploads\/2018\/06\/rendez-vous.png\" class=\"attachment-full size-full\" alt=\"\" \/><br>\n                            Prendre un\n                            rendez-vous\n                        <\/center>\n                    <\/div>\n                <\/a>\n                <a href=\"#\"  class=\"item Promotions\">\n                    <div class=\"logo\">\n                        <center>\n                            <img decoding=\"async\" width=\"76\" height=\"32\" src=\"https:\/\/centredentairedonquichotte.com\/wp-content\/uploads\/2018\/06\/promotions.png\" class=\"attachment-full size-full\" alt=\"\" \/><br>\n                            Promotions\n                        <\/center>\n                    <\/div>\n                <\/a>\n                <a href=\"#\"  class=\"item joindre\">\n                    <div class=\"logo\">\n                        <center>\n                            <img decoding=\"async\" width=\"60\" height=\"58\" src=\"https:\/\/centredentairedonquichotte.com\/wp-content\/uploads\/2018\/06\/Nous-joindre.png\" class=\"attachment-full size-full\" alt=\"\" \/><br>\n                            Nous\n                            joindre<\/center>\n                    <\/div>\n                <\/a>\n            <\/div>\n        <\/div>\n        \n\n        [\/vc_column][\/vc_row][vc_row gap=&#8221;30&#8243; el_class=&#8221;padding380x&#8221;][vc_column][vc_custom_heading text=&#8221;Montreal&#8221; font_container=&#8221;tag:h1|text_align:center&#8221; use_theme_fonts=&#8221;yes&#8221; el_class=&#8221;font20 upperCase fontopensans bold colorTheme letterspace&#8221;][vc_custom_heading text=&#8221;About our dental clinic<br \/>\nin \u00cele-Perrot&#8221; font_container=&#8221;tag:h2|text_align:center&#8221; use_theme_fonts=&#8221;yes&#8221; el_class=&#8221;font30 regular&#8221;][\/vc_column][\/vc_row][vc_row gap=&#8221;30&#8243; el_class=&#8221;padding380x&#8221;][vc_column width=&#8221;7\/12&#8243;][vc_column_text]<\/p>\n<p class=\"font18 regular fontopensans\">At Centre Dentaire Don Quichotte, we have been welcoming clients for over 20 years! Our team of six general dentists, supported by assistants, hygienists and support staff, works relentlessly so that you can keep a healthy smile.<\/p>\n<p class=\"font18 regular fontopensans\">Cosmetic dentistry, implantology, orthodontics, dental surgery, general dentistry\u2026 We offer a comprehensive range of dental care services, which allows us to provide you with services tailored to your needs. Come visit us and find out how our team can help you have a smile you will be proud to show!<\/p>\n<p class=\"font18 bold fontopensans\">Let us take care of your smile!<\/p>\n<p>[\/vc_column_text][\/vc_column][vc_column width=&#8221;5\/12&#8243;][vc_single_image image=&#8221;456&#8243; img_size=&#8221;full&#8221; alignment=&#8221;right&#8221;][\/vc_column][\/vc_row][vc_row equal_height=&#8221;yes&#8221; content_placement=&#8221;middle&#8221; el_class=&#8221;padding60yt&#8221;][vc_column][vc_row_inner el_class=&#8221;padding440x&#8221;][vc_column_inner][vc_column_text el_class=&#8221;center mobilepadd&#8221;]<\/p>\n<h3 class=\"font30 regular\" style=\"text-align: center;\">How to get to our clinic from the western end of the Island of Montreal<\/h3>\n<p>[\/vc_column_text][\/vc_column_inner][\/vc_row_inner][vc_row_inner gap=&#8221;30&#8243; el_class=&#8221;padding380x padding60yt padding45yb&#8221;][vc_column_inner width=&#8221;1\/2&#8243;][vc_column_text]<\/p>\n<p class=\"font18 bold fontopensans\">By Car<\/p>\n<p class=\"font18 regular fontopensans\"><strong>From\u00a0Sainte-Anne-De-Bellevue<\/strong><br \/>\nFrom Saint-Jean-Baptiste Street, turn right on Du Coll\u00e8ge Street, then turn left on Anciens-Combattants Boulevard. Then, turn left to get on Highway\u00a020-O (west). You can continue on Highway\u00a020-O and use one of the two left lanes to turn left on Don-Quichotte Boulevard. Finally, turn left into the Carrefour Don Quichotte parking. This drive should take you about 10 minutes.<\/p>\n<p class=\"font18 regular fontopensans\"><strong>From Baie-d\u2019Urf\u00e9<\/strong><br \/>\nFrom Surrey Street, choose the lane of your choice to turn left and take Highway\u00a020-O towards Toronto. Continue on the highway for about 5\u00a0km before using one of the two left lanes to turn on Don-Quichotte Boulevard. Our dental clinic will be on your right, in the Carrefour Don Quichotte. Advance, and you can turn left into the Carrefour Don Quichotte parking.<\/p>\n<p class=\"font18 regular fontopensans\"><strong>From Senneville<\/strong><br \/>\nFrom Philips Avenue, head towards Senneville Road. Continue on Senneville Road and turn left to take Highway\u00a040-E. Continue and take Exit\u00a041 towards Highway\u00a020\/Saint-Anne-de-Bellevue\/\u00cele-Perrot. Follow Anciens-Combattants Boulevard. On your right, join Highway\u00a020-O towards Toronto and continue for 2\u00a0km. Then, use one of the two left lanes to turn on Don-Quichotte Boulevard. Advance, and you can turn left into the Carrefour Don Quichotte parking.<\/p>\n<p>[\/vc_column_text][\/vc_column_inner][vc_column_inner width=&#8221;1\/2&#8243;][vc_column_text]<\/p>\n<p class=\"font18 bold fontopensans\">By Public Transit<\/p>\n<p class=\"font18 regular fontopensans\"><strong>From\u00a0Sainte-Anne-De-Bellevue<\/strong><br \/>\nAt the corner of Saint-Pierre Street and the pedestrian crossing, take bus\u00a035 towards Gare Dorion. The bus will make 4 stops before yours, which should take about 6 minutes. Get off on Grand Boulevard, at the stop located in front of the Jean Coutu, and walk about 250 metres. Our clinic will be on your right, in the Carrefour Don Quichotte.<\/p>\n<p class=\"font18 regular fontopensans\"><strong>From Baie-d\u2019Urf\u00e9<\/strong><br \/>\nThere are two ways to get to our clinic: by bus or by train. To get there by train, you take train\u00a017 at the Baie-d\u2019Urf\u00e9 station, towards Vaudreuil. You then get off the train at the Sainte-Anne-de-Bellevue station. From there, you will have to walk 2 minutes to the stop at the corner of Saint-Pierre Street and the pedestrian crossing, from which you can take bus\u00a035 towards Gare Dorion. After 4 stops, get off on Grand Boulevard, at the stop located in front of the Jean Coutu pharmacy. Then walk about 250 metres on Boulevard Don Quichotte and our clinic will be on your right, in the Carrefour Don Quichotte.<\/p>\n<p class=\"font18 regular fontopensans\">To get there by bus, take bus\u00a0411-O at Morgan\/Surrey and get off at Sainte-Anne\/Terminus Macdonald, after a 7-minute ride. From this stop, walk to Terminus Macdonald and take bus\u00a035 towards Gare Dorion. Get off on Grand Boulevard, at the stop located in front of the Jean Coutu, and walk 250 metres on Boulevard Don Quichotte. Our clinic is in the Carrefour Don Quichotte.<\/p>\n<p class=\"font18 regular fontopensans\"><strong>From Senneville<\/strong><br \/>\nAt the corner of Gouin and Lauzon, take bus\u00a068-O. Get off at Anse-\u00e0-l\u2019Orme\/Timberlea-Trail. Then, walk towards the corner of Sainte-Marie and Anse-\u00e0-l\u2019Orme and take bus\u00a0219-O. After 5 stops, get off at Morgan\/Clark-Graham. Walk towards Baie-d\u2019Urf\u00e9 and take train\u00a023 towards Vaudreuil. After 2 stops, get off at the Gare de \u00cele-Perrot and walk a few minutes on Perrot Nord Boulevard towards Don-Quichotte Boulevard. Our clinic will be on your left, in the Carrefour Don Quichotte.<\/p>\n<p>[\/vc_column_text][\/vc_column_inner][\/vc_row_inner][\/vc_column][\/vc_row][vc_row el_class=&#8221;padding380x padding60yb padding60yt&#8221;][vc_column][vc_column_text]<\/p>\n<p class=\"font30 regular\" style=\"text-align: center;\">Find us on the map<\/p>\n<p class=\"font22 regular fontopensans\" style=\"text-align: center;\"><strong>Call us to book an appointment <\/strong> or <strong>come see us at the clinic<\/strong>,<br \/>\nwe are always at your service !<\/p>\n<p>[\/vc_column_text][\/vc_column][\/vc_row][vc_row][vc_column]        \n        <div id=\"map1\" style=\"width: 100%;height: 650px\"><\/div>\n        <script>\n\n            addedMap = false;\n            jQuery(document).scroll(function () {\n                if (!addedMap && jQuery(document).scrollTop() > 100) {\n                    addedMap = true;\n                    jQuery.getScript(\"https:\/\/maps.googleapis.com\/maps\/api\/js?key=AIzaSyBVMO7oJGbpoNzFxFCwJwh-FW8DlljIY4s\", function () {\n                        var points = new google.maps.LatLng(45.390368,-73.964723);\n                        var styles = [\n                            {\n                                \"stylers\": [\n                                    {\"visibility\": \"on\"},\n                                    {\"hue\": \"#1b5983\"}\n                                ]\n                            }\n                        ];\n\n                        var mapOptions1 = {\n                            scrollwheel: false,\n                            \/\/ How zoomed in you want the map to start at (always required)\n                            zoom: 16,\n                            center: points, \/\/ New York\n                            \/\/ This is where you would paste any style found on Snazzy Maps.\n                            styles: styles\n                        };\n                        \/\/ Create the Google Map using our element and options defined above\n                        var map1 = new google.maps.Map(document.getElementById(\"map1\"), mapOptions1);\n                        var rectangle = new google.maps.Rectangle();\n\n                        \/\/ Let's also add a marker while we're at it\n                        var marker = new google.maps.Marker({\n                            position: points,\n                            map: map1,\n                            icon: 'https:\/\/centredentairedonquichotte.com\/wp-content\/uploads\/2018\/07\/mapicone.png'\n                        });\n                        marker.setAnimation(google.maps.Animation.BOUNCE);\n\n                        marker.addListener('mouseover', function () {\n                            marker.setAnimation(null);\n                        });\n                        marker.addListener('mouseout',  function () {\n                            marker.setAnimation(google.maps.Animation.BOUNCE);\n                        });\n                    });\n                }\n            });\n        <\/script>\n                [\/vc_column][\/vc_row]<\/p>\n","protected":false},"excerpt":{"rendered":"<p>[vc_row][vc_column][\/vc_column][\/vc_row][vc_row gap=&#8221;30&#8243; el_class=&#8221;padding380x&#8221;][vc_column][vc_custom_heading text=&#8221;Montreal&#8221; font_container=&#8221;tag:h1|text_align:center&#8221; use_theme_fonts=&#8221;yes&#8221; el_class=&#8221;font20 upperCase fontopensans bold colorTheme letterspace&#8221;][vc_custom_heading text=&#8221;About our dental clinic in \u00cele-Perrot&#8221; font_container=&#8221;tag:h2|text_align:center&#8221; use_theme_fonts=&#8221;yes&#8221; el_class=&#8221;font30 regular&#8221;][\/vc_column][\/vc_row][vc_row gap=&#8221;30&#8243; el_class=&#8221;padding380x&#8221;][vc_column width=&#8221;7\/12&#8243;][vc_column_text] At Centre Dentaire Don Quichotte, we have been welcoming clients for over 20 years! Our team of six general dentists, supported by assistants, hygienists and support staff, works relentlessly so [&hellip;]<\/p>\n","protected":false},"author":1,"featured_media":0,"parent":0,"menu_order":0,"comment_status":"closed","ping_status":"closed","template":"","meta":{"footnotes":""},"class_list":["post-915","page","type-page","status-publish","hentry"],"_links":{"self":[{"href":"https:\/\/centredentairedonquichotte.com\/en\/wp-json\/wp\/v2\/pages\/915","targetHints":{"allow":["GET"]}}],"collection":[{"href":"https:\/\/centredentairedonquichotte.com\/en\/wp-json\/wp\/v2\/pages"}],"about":[{"href":"https:\/\/centredentairedonquichotte.com\/en\/wp-json\/wp\/v2\/types\/page"}],"author":[{"embeddable":true,"href":"https:\/\/centredentairedonquichotte.com\/en\/wp-json\/wp\/v2\/users\/1"}],"replies":[{"embeddable":true,"href":"https:\/\/centredentairedonquichotte.com\/en\/wp-json\/wp\/v2\/comments?post=915"}],"version-history":[{"count":3,"href":"https:\/\/centredentairedonquichotte.com\/en\/wp-json\/wp\/v2\/pages\/915\/revisions"}],"predecessor-version":[{"id":2173,"href":"https:\/\/centredentairedonquichotte.com\/en\/wp-json\/wp\/v2\/pages\/915\/revisions\/2173"}],"wp:attachment":[{"href":"https:\/\/centredentairedonquichotte.com\/en\/wp-json\/wp\/v2\/media?parent=915"}],"curies":[{"name":"wp","href":"https:\/\/api.w.org\/{rel}","templated":true}]}}